{"id":23,"date":"2025-09-16T06:21:23","date_gmt":"2025-09-16T06:21:23","guid":{"rendered":"https:\/\/ersbjorsfishing.se\/om\/"},"modified":"2025-10-10T14:01:12","modified_gmt":"2025-10-10T14:01:12","slug":"om","status":"publish","type":"page","link":"https:\/\/ersbjorsfishing.se\/en\/om\/","title":{"rendered":"About"},"content":{"rendered":"<div class=\"wp-block-group alignfull has-background-background-color has-background\" id=\"om\" style=\"border-top-width:1px;margin-top:0;margin-bottom:0;padding-top:var(--wp--preset--spacing--60);padding-right:0;padding-bottom:var(--wp--preset--spacing--60);padding-left:0\"><div class=\"wp-block-group__inner-container is-layout-constrained wp-container-core-group-is-layout-1aa40bbb wp-block-group-is-layout-constrained\">\n<div class=\"wp-block-columns alignwide is-layout-flex wp-container-core-columns-is-layout-2aabe216 wp-block-columns-is-layout-flex\">\n<div class=\"wp-block-column is-layout-flow wp-block-column-is-layout-flow\">\n<h2 class=\"wp-block-heading\">Experience an unforgettable fishing trip with us<\/h2>\n<\/div>\n\n\n\n<div class=\"wp-block-column is-layout-flow wp-block-column-is-layout-flow\">\n<p style=\"margin-top:16px\">Ersbj\u00f6rs Fishing was founded with a passion for fishing and nature. We offer personalized guided tours where every fishing trip becomes an adventure. Our goal is to provide you with a safe and memorable experience, whether you are a beginner or an experienced angler. With respect for the environment and local waters, we create sustainable experiences based on knowledge, safety, and joy.<\/p>\n\n\n\n<p>Ta n\u00e4sta steg i ditt fiske, f\u00e5nga mer fisk, l\u00e4s vattnet p\u00e5 ett annorlunda s\u00e4tt, vi g\u00f6r det till din verklighet!<\/p>\n<\/div>\n<\/div>\n\n\n\n<div class=\"wp-block-group alignwide is-layout-grid wp-container-core-group-is-layout-7da95970 wp-block-group-is-layout-grid\">\n<div style=\"aspect-ratio:16\/9;min-height:unset;\" class=\"wp-block-cover is-light extendify-image-import has-aspect-ratio\"><img loading=\"lazy\" decoding=\"async\" width=\"1024\" height=\"683\" class=\"wp-block-cover__image-background wp-image-208 size-large\" alt=\"\" src=\"https:\/\/ersbjorsfishing.se\/wp-content\/uploads\/2025\/09\/DSC05086-1024x683.jpg\" data-object-fit=\"cover\" srcset=\"https:\/\/ersbjorsfishing.se\/wp-content\/uploads\/2025\/09\/DSC05086-1024x683.jpg 1024w, https:\/\/ersbjorsfishing.se\/wp-content\/uploads\/2025\/09\/DSC05086-300x200.jpg 300w, https:\/\/ersbjorsfishing.se\/wp-content\/uploads\/2025\/09\/DSC05086-768x512.jpg 768w, https:\/\/ersbjorsfishing.se\/wp-content\/uploads\/2025\/09\/DSC05086-1536x1024.jpg 1536w, https:\/\/ersbjorsfishing.se\/wp-content\/uploads\/2025\/09\/DSC05086-2048x1365.jpg 2048w\" sizes=\"auto, (max-width: 1024px) 100vw, 1024px\" \/><span aria-hidden=\"true\" class=\"wp-block-cover__background has-background-dim-0 has-background-dim\" style=\"background-color:#8b948d\"><\/span><div class=\"wp-block-cover__inner-container is-layout-flow wp-block-cover-is-layout-flow\">\n<div style=\"height:100px\" aria-hidden=\"true\" class=\"wp-block-spacer\"><\/div>\n<\/div><\/div>\n\n\n\n<div style=\"aspect-ratio:16\/9;min-height:unset;\" class=\"wp-block-cover is-light extendify-image-import has-aspect-ratio\"><img loading=\"lazy\" decoding=\"async\" width=\"1024\" height=\"766\" class=\"wp-block-cover__image-background wp-image-210 size-large\" alt=\"\" src=\"https:\/\/ersbjorsfishing.se\/wp-content\/uploads\/2025\/09\/FB_IMG_1724066950677-1024x766.jpg\" data-object-fit=\"cover\" srcset=\"https:\/\/ersbjorsfishing.se\/wp-content\/uploads\/2025\/09\/FB_IMG_1724066950677-1024x766.jpg 1024w, https:\/\/ersbjorsfishing.se\/wp-content\/uploads\/2025\/09\/FB_IMG_1724066950677-300x224.jpg 300w, https:\/\/ersbjorsfishing.se\/wp-content\/uploads\/2025\/09\/FB_IMG_1724066950677-768x575.jpg 768w, https:\/\/ersbjorsfishing.se\/wp-content\/uploads\/2025\/09\/FB_IMG_1724066950677.jpg 1080w\" sizes=\"auto, (max-width: 1024px) 100vw, 1024px\" \/><span aria-hidden=\"true\" class=\"wp-block-cover__background has-background-dim-0 has-background-dim\" style=\"background-color:#94916e\"><\/span><div class=\"wp-block-cover__inner-container is-layout-flow wp-block-cover-is-layout-flow\">\n<div style=\"height:100px\" aria-hidden=\"true\" class=\"wp-block-spacer\"><\/div>\n<\/div><\/div>\n<\/div>\n<\/div><\/div>\n\n\n\n<div class=\"wp-block-group alignfull has-tertiary-background-color has-background\" id=\"galleri\" style=\"border-top-width:1px;margin-top:0;margin-bottom:0;padding-top:var(--wp--preset--spacing--60);padding-right:0;padding-bottom:var(--wp--preset--spacing--60);padding-left:0\"><div class=\"wp-block-group__inner-container is-layout-constrained wp-container-core-group-is-layout-61cdc144 wp-block-group-is-layout-constrained\">\n<h2 class=\"wp-block-heading\">Your Fishing Guide \u2013 Markus Ersbj\u00f6rs<\/h2>\n\n\n\n<p>A sport fisherman since childhood, where I was introduced to many different types of fishing already in my early years. At that time, the second half of the 90s, it was mostly coarse fishing and pike fishing in the summer, as well as ice fishing in the winter.<\/p>\n\n\n\n<p>Over the years, I have won, among a few other things, the Swedish Championship in match fishing for younger juniors. At the age of 12, I was introduced to fly fishing, which ever since has held the warmest place in my heart. During the winter, I have  been engaged in ice fishing, both hunting for large perch and catching the \"thousands\" in ice fishing competitions.<\/p>\n\n\n\n<p>At 15 years old, I won my first Swedish Championship gold in fly fishing, which gave me a taste for it, and I was supposed to represent Sweden in the upcoming European or World Championships together with my father, Dan. Unfortunately, there was never any participation from Sweden, and the international debut had to wait. In the years following that setback, I instead focused on catching big fish on the fly. At that time, it was all dry flies, even though there was a little rain. That taught me how to read waters at a young age and I\u00b4m still thankful for that time of my fishing life.<\/p>\n\n\n\n<p>It was actually in the mid-2010s that competitive fly fishing took off for me. I participated in a fly fishing competition in Laxviken and had no chance of keeping up with the top competitors. Still casting my dry fly, I needed to observe the others and learn. I watched, absorbed knowledge, and in 2016 I participated for the first time in an international championship where I learned more about the \"Euronymphing\" technique. I could never have imagined how effective it was. This is where my competitive fly fishing career really started.<\/p>\n\n\n\n<p>After my teammate at the European Championship in Poland, Marino, taught me the basics of nymph fishing and the Portuguese Luis Ferreira taught me how to hook fish during the training sessions before the European Championship, I was hooked. A poorer result in the competition but richer in experience, and the commitment was a fact. However, my personal success awaited a few more years after this.<\/p>\n\n\n\n<p>In 2018 in Trentino, Italy, I participated in my first World Championship, and my best so far, with a 29th place individually (10th in the team) among over 140 participants. Since then, I have won 2 more Swedish Championship golds and have usually been in the top half of the standings at the international championships I have competed in. At the championships, it is difficult to get everything to align; many factors must come together to achieve success. Often there is a top placement in one or two sessions(out of 5), but so far it has not been enough to reach a top position in total at an international championship. It requires dedicated, goal-oriented work over many years and is ongoing, with the European Championships in Italy 2025 and the World Championships in the USA 2026 as first goals.<\/p>\n\n\n\n<p>I have always been passionate about fishing and would love to share my knowledge. Being able to spend the day with someone on the lake or by the river is what I enjoy, whether in winter while hunting for perch or char, or in summer chasing grayling and trout among mosquitoes and gnats in deep forests. Perch and pike-perch are also something I pursue in the summer, on my home waters in Falun\/Borl\u00e4nge.<\/p>\n\n\n\n<p>My goal is for you and me to be able to improve our fishing skills, create and share great memories, and continue to enjoy great catches for a long future.<\/p>\n\n\n\n<p>\/Markus<\/p>\n<\/div><\/div>\n\n\n\n<div class=\"wp-block-group alignfull has-background-background-color has-background\" id=\"rekommendationer\" style=\"border-top-width:1px;margin-top:0;margin-bottom:0;padding-top:0;padding-right:var(--wp--preset--spacing--30);padding-bottom:0;padding-left:var(--wp--preset--spacing--30)\"><div class=\"wp-block-group__inner-container is-layout-constrained wp-container-core-group-is-layout-884d7b23 wp-block-group-is-layout-constrained\">\n<figure class=\"wp-block-image size-large\"><img loading=\"lazy\" decoding=\"async\" width=\"1024\" height=\"683\" src=\"https:\/\/ersbjorsfishing.se\/wp-content\/uploads\/2025\/09\/Ersbjors-Fishing-Transp-1024x683.png\" alt=\"\" class=\"wp-image-36\" srcset=\"https:\/\/ersbjorsfishing.se\/wp-content\/uploads\/2025\/09\/Ersbjors-Fishing-Transp-1024x683.png 1024w, https:\/\/ersbjorsfishing.se\/wp-content\/uploads\/2025\/09\/Ersbjors-Fishing-Transp-300x200.png 300w, https:\/\/ersbjorsfishing.se\/wp-content\/uploads\/2025\/09\/Ersbjors-Fishing-Transp-768x512.png 768w, https:\/\/ersbjorsfishing.se\/wp-content\/uploads\/2025\/09\/Ersbjors-Fishing-Transp.png 1536w\" sizes=\"auto, (max-width: 1024px) 100vw, 1024px\" \/><\/figure>\n<\/div><\/div>","protected":false},"excerpt":{"rendered":"<p>Boka en of\u00f6rgl\u00f6mlig fisketur med oss Ersbj\u00f6rs Fishing grundades med passion f\u00f6r fisket [&hellip;]<\/p>","protected":false},"author":1,"featured_media":0,"parent":0,"menu_order":0,"comment_status":"closed","ping_status":"closed","template":"","meta":{"footnotes":""},"class_list":["post-23","page","type-page","status-publish","hentry"],"aioseo_notices":[],"_links":{"self":[{"href":"https:\/\/ersbjorsfishing.se\/en\/wp-json\/wp\/v2\/pages\/23","targetHints":{"allow":["GET"]}}],"collection":[{"href":"https:\/\/ersbjorsfishing.se\/en\/wp-json\/wp\/v2\/pages"}],"about":[{"href":"https:\/\/ersbjorsfishing.se\/en\/wp-json\/wp\/v2\/types\/page"}],"author":[{"embeddable":true,"href":"https:\/\/ersbjorsfishing.se\/en\/wp-json\/wp\/v2\/users\/1"}],"replies":[{"embeddable":true,"href":"https:\/\/ersbjorsfishing.se\/en\/wp-json\/wp\/v2\/comments?post=23"}],"version-history":[{"count":4,"href":"https:\/\/ersbjorsfishing.se\/en\/wp-json\/wp\/v2\/pages\/23\/revisions"}],"predecessor-version":[{"id":424,"href":"https:\/\/ersbjorsfishing.se\/en\/wp-json\/wp\/v2\/pages\/23\/revisions\/424"}],"wp:attachment":[{"href":"https:\/\/ersbjorsfishing.se\/en\/wp-json\/wp\/v2\/media?parent=23"}],"curies":[{"name":"wp","href":"https:\/\/api.w.org\/{rel}","templated":true}]}}