{"id":28,"date":"2025-09-16T06:21:27","date_gmt":"2025-09-16T06:21:27","guid":{"rendered":"https:\/\/ersbjorsfishing.se\/startsida\/"},"modified":"2026-04-10T08:10:56","modified_gmt":"2026-04-10T08:10:56","slug":"startsida","status":"publish","type":"page","link":"https:\/\/ersbjorsfishing.se\/en\/","title":{"rendered":"V\u00e4lkommen till din framtida fiskeupplevelse"},"content":{"rendered":"<div class=\"wp-block-group alignfull has-background-background-color has-background\" style=\"border-top-width:1px;margin-top:0;margin-bottom:0;padding-top:var(--wp--preset--spacing--50);padding-bottom:var(--wp--preset--spacing--60)\"><div class=\"wp-block-group__inner-container is-layout-constrained wp-block-group-is-layout-constrained\">\n<div class=\"wp-block-columns alignwide are-vertically-aligned-center is-layout-flex wp-container-core-columns-is-layout-ae2dc412 wp-block-columns-is-layout-flex\">\n<div class=\"wp-block-column is-vertically-aligned-center is-layout-flow wp-block-column-is-layout-flow\">\n<div class=\"wp-block-group alignfull\"><div class=\"wp-block-group__inner-container is-layout-constrained wp-block-group-is-layout-constrained\">\n<h2 class=\"wp-block-heading alignwide\"><sub>The experience starts here!<\/sub><\/h2>\n\n\n\n<p style=\"margin-top:16px\">Ersbj\u00f6rs Fishing offers guided fishing trips for up to four people, with the flexibility to book and plan your adventure well in advance. Discover a passionate guide who shares their expertise and creates memorable fishing moments in beautiful surroundings. Let's get started!<\/p>\n\n\n\n<div class=\"wp-block-buttons is-content-justification-left is-layout-flex wp-container-core-buttons-is-layout-cefc814a wp-block-buttons-is-layout-flex\" style=\"margin-top:var(--wp--preset--spacing--40)\">\n<div class=\"wp-block-button\"><a class=\"wp-block-button__link wp-element-button\" href=\"https:\/\/ersbjorsfishing.se\/en\/ersbjors-fishing\/\">Explore the selection<\/a><\/div>\n<\/div>\n<\/div><\/div>\n<\/div>\n\n\n\n<div class=\"wp-block-column is-vertically-aligned-center is-layout-flow wp-block-column-is-layout-flow\">\n<figure class=\"wp-block-image size-large extendify-image-import\"><img loading=\"lazy\" decoding=\"async\" width=\"768\" height=\"1024\" src=\"https:\/\/ersbjorsfishing.se\/wp-content\/uploads\/2025\/09\/IMG-20250817-WA0002-768x1024.jpg\" alt=\"\" class=\"wp-image-257\" style=\"aspect-ratio:1.3333333333333333;object-fit:cover\" srcset=\"https:\/\/ersbjorsfishing.se\/wp-content\/uploads\/2025\/09\/IMG-20250817-WA0002-768x1024.jpg 768w, https:\/\/ersbjorsfishing.se\/wp-content\/uploads\/2025\/09\/IMG-20250817-WA0002-225x300.jpg 225w, https:\/\/ersbjorsfishing.se\/wp-content\/uploads\/2025\/09\/IMG-20250817-WA0002-1152x1536.jpg 1152w, https:\/\/ersbjorsfishing.se\/wp-content\/uploads\/2025\/09\/IMG-20250817-WA0002.jpg 1200w\" sizes=\"auto, (max-width: 768px) 100vw, 768px\" \/><\/figure>\n\n\n\n<div class=\"wp-block-group\" style=\"margin-top:-100px;padding-right:var(--wp--preset--spacing--50)\"><div class=\"wp-block-group__inner-container is-layout-constrained wp-container-core-group-is-layout-b31d25d4 wp-block-group-is-layout-constrained\"><\/div><\/div>\n<\/div>\n<\/div>\n<\/div><\/div>\n\n\n\n<div class=\"wp-block-group alignfull has-background-background-color has-background\" style=\"border-top-width:1px;margin-top:0;margin-bottom:0;padding-top:var(--wp--preset--spacing--60);padding-right:var(--wp--preset--spacing--30);padding-bottom:var(--wp--preset--spacing--60);padding-left:var(--wp--preset--spacing--30)\"><div class=\"wp-block-group__inner-container is-layout-constrained wp-container-core-group-is-layout-512a02c9 wp-block-group-is-layout-constrained\">\n<div class=\"wp-block-group alignwide is-content-justification-space-between is-layout-flex wp-container-core-group-is-layout-2823f1e3 wp-block-group-is-layout-flex\">\n<div class=\"wp-block-group\"><div class=\"wp-block-group__inner-container is-layout-constrained wp-block-group-is-layout-constrained\">\n<h2 class=\"wp-block-heading has-large-font-size\">A few selections for summer tours <\/h2>\n\n\n\n<p style=\"margin-top:16px\">Complete selection under booking in the menu to the upper right.<\/p>\n<\/div><\/div>\n<\/div>\n\n\n\n<div class=\"wp-block-columns alignwide is-layout-flex wp-container-core-columns-is-layout-9d6595d7 wp-block-columns-is-layout-flex\">\n<div class=\"wp-block-column is-layout-flow wp-block-column-is-layout-flow\">\n<div class=\"wp-block-group is-vertical is-content-justification-center is-layout-flex wp-container-core-group-is-layout-9e147dcf wp-block-group-is-layout-flex\" style=\"border-width:1px;padding-bottom:1.25rem\">\n<div class=\"wp-block-group relative\"><div class=\"wp-block-group__inner-container is-layout-constrained wp-block-group-is-layout-constrained\">\n<figure class=\"wp-block-image size-large extendify-image-import relative z-0\"><img loading=\"lazy\" decoding=\"async\" width=\"1024\" height=\"1024\" src=\"https:\/\/ersbjorsfishing.se\/wp-content\/uploads\/2025\/09\/IMG_20211028_074646_669-1024x1024.webp\" alt=\"\" class=\"wp-image-55\" style=\"aspect-ratio:1;object-fit:cover\" srcset=\"https:\/\/ersbjorsfishing.se\/wp-content\/uploads\/2025\/09\/IMG_20211028_074646_669-1024x1024.webp 1024w, https:\/\/ersbjorsfishing.se\/wp-content\/uploads\/2025\/09\/IMG_20211028_074646_669-300x300.webp 300w, https:\/\/ersbjorsfishing.se\/wp-content\/uploads\/2025\/09\/IMG_20211028_074646_669-150x150.webp 150w, https:\/\/ersbjorsfishing.se\/wp-content\/uploads\/2025\/09\/IMG_20211028_074646_669-768x768.webp 768w, https:\/\/ersbjorsfishing.se\/wp-content\/uploads\/2025\/09\/IMG_20211028_074646_669-1536x1536.webp 1536w, https:\/\/ersbjorsfishing.se\/wp-content\/uploads\/2025\/09\/IMG_20211028_074646_669.webp 1983w\" sizes=\"auto, (max-width: 1024px) 100vw, 1024px\" \/><\/figure>\n<\/div><\/div>\n\n\n\n<div class=\"wp-block-group\"><div class=\"wp-block-group__inner-container is-layout-constrained wp-block-group-is-layout-constrained\">\n<h3 class=\"wp-block-heading has-text-align-center has-medium-font-size\">Full-day Fly Fishing (May-Oct)<\/h3>\n\n\n\n<p class=\"has-text-align-center has-small-font-size\" style=\"margin-top:0.25rem;font-style:normal;font-weight:700\">3999kr<\/p>\n<\/div><\/div>\n<\/div>\n<\/div>\n\n\n\n<div class=\"wp-block-column is-layout-flow wp-block-column-is-layout-flow\">\n<div class=\"wp-block-group is-vertical is-content-justification-center is-layout-flex wp-container-core-group-is-layout-9e147dcf wp-block-group-is-layout-flex\" style=\"border-width:1px;padding-bottom:1.25rem\">\n<div class=\"wp-block-group relative\"><div class=\"wp-block-group__inner-container is-layout-constrained wp-block-group-is-layout-constrained\">\n<figure class=\"wp-block-image size-large extendify-image-import relative z-0\"><img loading=\"lazy\" decoding=\"async\" width=\"683\" height=\"1024\" src=\"https:\/\/ersbjorsfishing.se\/wp-content\/uploads\/2025\/09\/Finntrail-kast-683x1024.jpg\" alt=\"\" class=\"wp-image-57\" style=\"aspect-ratio:1;object-fit:cover\" srcset=\"https:\/\/ersbjorsfishing.se\/wp-content\/uploads\/2025\/09\/Finntrail-kast-683x1024.jpg 683w, https:\/\/ersbjorsfishing.se\/wp-content\/uploads\/2025\/09\/Finntrail-kast-200x300.jpg 200w, https:\/\/ersbjorsfishing.se\/wp-content\/uploads\/2025\/09\/Finntrail-kast-768x1152.jpg 768w, https:\/\/ersbjorsfishing.se\/wp-content\/uploads\/2025\/09\/Finntrail-kast-1024x1536.jpg 1024w, https:\/\/ersbjorsfishing.se\/wp-content\/uploads\/2025\/09\/Finntrail-kast-1365x2048.jpg 1365w, https:\/\/ersbjorsfishing.se\/wp-content\/uploads\/2025\/09\/Finntrail-kast-scaled.jpg 1706w\" sizes=\"auto, (max-width: 683px) 100vw, 683px\" \/><\/figure>\n<\/div><\/div>\n\n\n\n<div class=\"wp-block-group\"><div class=\"wp-block-group__inner-container is-layout-constrained wp-block-group-is-layout-constrained\">\n<h3 class=\"wp-block-heading has-text-align-center has-medium-font-size\">Half-day Fly Fishing (Jun-Aug)<\/h3>\n\n\n\n<p class=\"has-text-align-center has-small-font-size\" style=\"margin-top:0.25rem;font-style:normal;font-weight:700\">2999 kr<\/p>\n<\/div><\/div>\n<\/div>\n<\/div>\n\n\n\n<div class=\"wp-block-column is-layout-flow wp-block-column-is-layout-flow\">\n<div class=\"wp-block-group is-vertical is-content-justification-center is-layout-flex wp-container-core-group-is-layout-9e147dcf wp-block-group-is-layout-flex\" style=\"border-width:1px;padding-bottom:1.25rem\">\n<div class=\"wp-block-group relative\"><div class=\"wp-block-group__inner-container is-layout-constrained wp-block-group-is-layout-constrained\">\n<figure class=\"wp-block-image size-large extendify-image-import relative z-0\"><img loading=\"lazy\" decoding=\"async\" width=\"1024\" height=\"576\" src=\"https:\/\/ersbjorsfishing.se\/wp-content\/uploads\/2025\/09\/20210810_114217-1024x576.jpg\" alt=\"\" class=\"wp-image-56\" style=\"aspect-ratio:1;object-fit:cover\" srcset=\"https:\/\/ersbjorsfishing.se\/wp-content\/uploads\/2025\/09\/20210810_114217-1024x576.jpg 1024w, https:\/\/ersbjorsfishing.se\/wp-content\/uploads\/2025\/09\/20210810_114217-300x169.jpg 300w, https:\/\/ersbjorsfishing.se\/wp-content\/uploads\/2025\/09\/20210810_114217-768x432.jpg 768w, https:\/\/ersbjorsfishing.se\/wp-content\/uploads\/2025\/09\/20210810_114217-1536x864.jpg 1536w, https:\/\/ersbjorsfishing.se\/wp-content\/uploads\/2025\/09\/20210810_114217-2048x1152.jpg 2048w\" sizes=\"auto, (max-width: 1024px) 100vw, 1024px\" \/><\/figure>\n<\/div><\/div>\n\n\n\n<div class=\"wp-block-group\"><div class=\"wp-block-group__inner-container is-layout-constrained wp-block-group-is-layout-constrained\">\n<h3 class=\"wp-block-heading has-text-align-center has-medium-font-size\">Guided fishing trip 4 people (May-October)<\/h3>\n\n\n\n<p class=\"has-text-align-center has-small-font-size\" style=\"margin-top:0.25rem;font-style:normal;font-weight:700\">6500kr \/day<\/p>\n<\/div><\/div>\n<\/div>\n<\/div>\n\n\n\n<div class=\"wp-block-column is-layout-flow wp-block-column-is-layout-flow\">\n<div class=\"wp-block-group is-vertical is-content-justification-center is-layout-flex wp-container-core-group-is-layout-9e147dcf wp-block-group-is-layout-flex\" style=\"border-width:1px;padding-bottom:1.25rem\">\n<div class=\"wp-block-group relative\"><div class=\"wp-block-group__inner-container is-layout-constrained wp-block-group-is-layout-constrained\">\n<figure class=\"wp-block-image size-large extendify-image-import relative z-0\"><img loading=\"lazy\" decoding=\"async\" width=\"683\" height=\"1024\" src=\"https:\/\/ersbjorsfishing.se\/wp-content\/uploads\/2025\/09\/received_625369345603888-683x1024.jpeg\" alt=\"\" class=\"wp-image-58\" style=\"aspect-ratio:1;object-fit:cover\" srcset=\"https:\/\/ersbjorsfishing.se\/wp-content\/uploads\/2025\/09\/received_625369345603888-683x1024.jpeg 683w, https:\/\/ersbjorsfishing.se\/wp-content\/uploads\/2025\/09\/received_625369345603888-200x300.jpeg 200w, https:\/\/ersbjorsfishing.se\/wp-content\/uploads\/2025\/09\/received_625369345603888-768x1152.jpeg 768w, https:\/\/ersbjorsfishing.se\/wp-content\/uploads\/2025\/09\/received_625369345603888-1024x1536.jpeg 1024w, https:\/\/ersbjorsfishing.se\/wp-content\/uploads\/2025\/09\/received_625369345603888.jpeg 1365w\" sizes=\"auto, (max-width: 683px) 100vw, 683px\" \/><\/figure>\n<\/div><\/div>\n\n\n\n<div class=\"wp-block-group\"><div class=\"wp-block-group__inner-container is-layout-constrained wp-block-group-is-layout-constrained\">\n<h3 class=\"wp-block-heading has-text-align-center has-medium-font-size\">Fishing Guide Ersbj\u00f6rs<\/h3>\n\n\n\n<p class=\"has-text-align-center has-small-font-size\" style=\"margin-top:0.25rem;font-style:normal;font-weight:700\">Available year-round<\/p>\n<\/div><\/div>\n<\/div>\n<\/div>\n<\/div>\n<\/div><\/div>\n\n\n\n<div class=\"wp-block-group alignfull has-tertiary-background-color has-background\" id=\"galleri\" style=\"border-top-width:1px;margin-top:0;margin-bottom:0;padding-top:var(--wp--preset--spacing--60);padding-right:0;padding-bottom:var(--wp--preset--spacing--60);padding-left:0\"><div class=\"wp-block-group__inner-container is-layout-constrained wp-container-core-group-is-layout-61cdc144 wp-block-group-is-layout-constrained\">\n<figure class=\"wp-block-gallery alignwide has-nested-images columns-4 is-cropped wp-block-gallery-1 is-layout-flex wp-block-gallery-is-layout-flex\" style=\"padding-right:var(--wp--preset--spacing--40);padding-left:var(--wp--preset--spacing--40)\">\n<figure class=\"wp-block-image size-large extendify-image-import\"><img loading=\"lazy\" decoding=\"async\" width=\"576\" height=\"1024\" data-id=\"61\" src=\"https:\/\/ersbjorsfishing.se\/wp-content\/uploads\/2025\/09\/20211024_120131-576x1024.jpg\" alt=\"\" class=\"wp-image-61\" srcset=\"https:\/\/ersbjorsfishing.se\/wp-content\/uploads\/2025\/09\/20211024_120131-576x1024.jpg 576w, https:\/\/ersbjorsfishing.se\/wp-content\/uploads\/2025\/09\/20211024_120131-169x300.jpg 169w, https:\/\/ersbjorsfishing.se\/wp-content\/uploads\/2025\/09\/20211024_120131-768x1365.jpg 768w, https:\/\/ersbjorsfishing.se\/wp-content\/uploads\/2025\/09\/20211024_120131-864x1536.jpg 864w, https:\/\/ersbjorsfishing.se\/wp-content\/uploads\/2025\/09\/20211024_120131-1152x2048.jpg 1152w, https:\/\/ersbjorsfishing.se\/wp-content\/uploads\/2025\/09\/20211024_120131-scaled.jpg 1440w\" sizes=\"auto, (max-width: 576px) 100vw, 576px\" \/><\/figure>\n\n\n\n<figure class=\"wp-block-image size-large extendify-image-import\"><img loading=\"lazy\" decoding=\"async\" width=\"768\" height=\"1024\" data-id=\"70\" src=\"https:\/\/ersbjorsfishing.se\/wp-content\/uploads\/2025\/09\/20170715_101053-768x1024.jpg\" alt=\"\" class=\"wp-image-70\" srcset=\"https:\/\/ersbjorsfishing.se\/wp-content\/uploads\/2025\/09\/20170715_101053-768x1024.jpg 768w, https:\/\/ersbjorsfishing.se\/wp-content\/uploads\/2025\/09\/20170715_101053-225x300.jpg 225w, https:\/\/ersbjorsfishing.se\/wp-content\/uploads\/2025\/09\/20170715_101053-1152x1536.jpg 1152w, https:\/\/ersbjorsfishing.se\/wp-content\/uploads\/2025\/09\/20170715_101053-1536x2048.jpg 1536w, https:\/\/ersbjorsfishing.se\/wp-content\/uploads\/2025\/09\/20170715_101053-scaled.jpg 1920w\" sizes=\"auto, (max-width: 768px) 100vw, 768px\" \/><\/figure>\n\n\n\n<figure class=\"wp-block-image size-large extendify-image-import\"><img loading=\"lazy\" decoding=\"async\" width=\"1024\" height=\"683\" data-id=\"67\" src=\"https:\/\/ersbjorsfishing.se\/wp-content\/uploads\/2025\/09\/received_3483919965176901-1024x683.jpeg\" alt=\"\" class=\"wp-image-67\" srcset=\"https:\/\/ersbjorsfishing.se\/wp-content\/uploads\/2025\/09\/received_3483919965176901-1024x683.jpeg 1024w, https:\/\/ersbjorsfishing.se\/wp-content\/uploads\/2025\/09\/received_3483919965176901-300x200.jpeg 300w, https:\/\/ersbjorsfishing.se\/wp-content\/uploads\/2025\/09\/received_3483919965176901-768x512.jpeg 768w, https:\/\/ersbjorsfishing.se\/wp-content\/uploads\/2025\/09\/received_3483919965176901-1536x1025.jpeg 1536w, https:\/\/ersbjorsfishing.se\/wp-content\/uploads\/2025\/09\/received_3483919965176901.jpeg 2048w\" sizes=\"auto, (max-width: 1024px) 100vw, 1024px\" \/><\/figure>\n\n\n\n<figure class=\"wp-block-image size-large extendify-image-import\"><img loading=\"lazy\" decoding=\"async\" width=\"1024\" height=\"576\" data-id=\"73\" src=\"https:\/\/ersbjorsfishing.se\/wp-content\/uploads\/2025\/09\/IMG-20220207-WA0002-1024x576.jpg\" alt=\"\" class=\"wp-image-73\" srcset=\"https:\/\/ersbjorsfishing.se\/wp-content\/uploads\/2025\/09\/IMG-20220207-WA0002-1024x576.jpg 1024w, https:\/\/ersbjorsfishing.se\/wp-content\/uploads\/2025\/09\/IMG-20220207-WA0002-300x169.jpg 300w, https:\/\/ersbjorsfishing.se\/wp-content\/uploads\/2025\/09\/IMG-20220207-WA0002-768x432.jpg 768w, https:\/\/ersbjorsfishing.se\/wp-content\/uploads\/2025\/09\/IMG-20220207-WA0002-1536x864.jpg 1536w, https:\/\/ersbjorsfishing.se\/wp-content\/uploads\/2025\/09\/IMG-20220207-WA0002.jpg 2016w\" sizes=\"auto, (max-width: 1024px) 100vw, 1024px\" \/><\/figure>\n\n\n\n<figure class=\"wp-block-image size-large extendify-image-import\"><img loading=\"lazy\" decoding=\"async\" width=\"1024\" height=\"1024\" data-id=\"65\" src=\"https:\/\/ersbjorsfishing.se\/wp-content\/uploads\/2025\/09\/IMG-20240619-WA0005-1024x1024.jpg\" alt=\"\" class=\"wp-image-65\" srcset=\"https:\/\/ersbjorsfishing.se\/wp-content\/uploads\/2025\/09\/IMG-20240619-WA0005-1024x1024.jpg 1024w, https:\/\/ersbjorsfishing.se\/wp-content\/uploads\/2025\/09\/IMG-20240619-WA0005-300x300.jpg 300w, https:\/\/ersbjorsfishing.se\/wp-content\/uploads\/2025\/09\/IMG-20240619-WA0005-150x150.jpg 150w, https:\/\/ersbjorsfishing.se\/wp-content\/uploads\/2025\/09\/IMG-20240619-WA0005-768x768.jpg 768w, https:\/\/ersbjorsfishing.se\/wp-content\/uploads\/2025\/09\/IMG-20240619-WA0005.jpg 1512w\" sizes=\"auto, (max-width: 1024px) 100vw, 1024px\" \/><\/figure>\n\n\n\n<figure class=\"wp-block-image size-large extendify-image-import\"><img loading=\"lazy\" decoding=\"async\" width=\"683\" height=\"1024\" data-id=\"64\" src=\"https:\/\/ersbjorsfishing.se\/wp-content\/uploads\/2025\/09\/Bild1-683x1024.png\" alt=\"\" class=\"wp-image-64\" srcset=\"https:\/\/ersbjorsfishing.se\/wp-content\/uploads\/2025\/09\/Bild1-683x1024.png 683w, https:\/\/ersbjorsfishing.se\/wp-content\/uploads\/2025\/09\/Bild1-200x300.png 200w, https:\/\/ersbjorsfishing.se\/wp-content\/uploads\/2025\/09\/Bild1-768x1152.png 768w, https:\/\/ersbjorsfishing.se\/wp-content\/uploads\/2025\/09\/Bild1-1024x1536.png 1024w, https:\/\/ersbjorsfishing.se\/wp-content\/uploads\/2025\/09\/Bild1-1365x2048.png 1365w, https:\/\/ersbjorsfishing.se\/wp-content\/uploads\/2025\/09\/Bild1-scaled.png 1706w\" sizes=\"auto, (max-width: 683px) 100vw, 683px\" \/><\/figure>\n\n\n\n<figure class=\"wp-block-image size-large extendify-image-import\"><img loading=\"lazy\" decoding=\"async\" width=\"768\" height=\"1024\" data-id=\"62\" src=\"https:\/\/ersbjorsfishing.se\/wp-content\/uploads\/2025\/09\/20230401_113747-768x1024.jpg\" alt=\"\" class=\"wp-image-62\" srcset=\"https:\/\/ersbjorsfishing.se\/wp-content\/uploads\/2025\/09\/20230401_113747-768x1024.jpg 768w, https:\/\/ersbjorsfishing.se\/wp-content\/uploads\/2025\/09\/20230401_113747-225x300.jpg 225w, https:\/\/ersbjorsfishing.se\/wp-content\/uploads\/2025\/09\/20230401_113747-1152x1536.jpg 1152w, https:\/\/ersbjorsfishing.se\/wp-content\/uploads\/2025\/09\/20230401_113747-rotated.jpg 1368w\" sizes=\"auto, (max-width: 768px) 100vw, 768px\" \/><\/figure>\n\n\n\n<figure class=\"wp-block-image size-large extendify-image-import\"><img loading=\"lazy\" decoding=\"async\" width=\"768\" height=\"1024\" data-id=\"63\" src=\"https:\/\/ersbjorsfishing.se\/wp-content\/uploads\/2025\/09\/20200829_110958-768x1024.jpg\" alt=\"\" class=\"wp-image-63\" srcset=\"https:\/\/ersbjorsfishing.se\/wp-content\/uploads\/2025\/09\/20200829_110958-768x1024.jpg 768w, https:\/\/ersbjorsfishing.se\/wp-content\/uploads\/2025\/09\/20200829_110958-225x300.jpg 225w, https:\/\/ersbjorsfishing.se\/wp-content\/uploads\/2025\/09\/20200829_110958-rotated.jpg 960w\" sizes=\"auto, (max-width: 768px) 100vw, 768px\" \/><\/figure>\n\n\n\n<figure class=\"wp-block-image size-large extendify-image-import\"><img loading=\"lazy\" decoding=\"async\" width=\"768\" height=\"1024\" data-id=\"69\" src=\"https:\/\/ersbjorsfishing.se\/wp-content\/uploads\/2025\/09\/IMG-20240426-WA0016-768x1024.jpg\" alt=\"\" class=\"wp-image-69\" srcset=\"https:\/\/ersbjorsfishing.se\/wp-content\/uploads\/2025\/09\/IMG-20240426-WA0016-768x1024.jpg 768w, https:\/\/ersbjorsfishing.se\/wp-content\/uploads\/2025\/09\/IMG-20240426-WA0016-225x300.jpg 225w, https:\/\/ersbjorsfishing.se\/wp-content\/uploads\/2025\/09\/IMG-20240426-WA0016-1152x1536.jpg 1152w, https:\/\/ersbjorsfishing.se\/wp-content\/uploads\/2025\/09\/IMG-20240426-WA0016.jpg 1500w\" sizes=\"auto, (max-width: 768px) 100vw, 768px\" \/><\/figure>\n\n\n\n<figure class=\"wp-block-image size-large extendify-image-import\"><img loading=\"lazy\" decoding=\"async\" width=\"768\" height=\"1024\" data-id=\"68\" src=\"https:\/\/ersbjorsfishing.se\/wp-content\/uploads\/2025\/09\/received_1819747328422324-768x1024.jpeg\" alt=\"\" class=\"wp-image-68\" srcset=\"https:\/\/ersbjorsfishing.se\/wp-content\/uploads\/2025\/09\/received_1819747328422324-768x1024.jpeg 768w, https:\/\/ersbjorsfishing.se\/wp-content\/uploads\/2025\/09\/received_1819747328422324-225x300.jpeg 225w, https:\/\/ersbjorsfishing.se\/wp-content\/uploads\/2025\/09\/received_1819747328422324-1152x1536.jpeg 1152w, https:\/\/ersbjorsfishing.se\/wp-content\/uploads\/2025\/09\/received_1819747328422324-1536x2048.jpeg 1536w, https:\/\/ersbjorsfishing.se\/wp-content\/uploads\/2025\/09\/received_1819747328422324-scaled.jpeg 1920w\" sizes=\"auto, (max-width: 768px) 100vw, 768px\" \/><\/figure>\n\n\n\n<figure class=\"wp-block-image size-large extendify-image-import\"><img loading=\"lazy\" decoding=\"async\" width=\"768\" height=\"1024\" data-id=\"59\" src=\"https:\/\/ersbjorsfishing.se\/wp-content\/uploads\/2025\/09\/20170613_201247-768x1024.jpg\" alt=\"\" class=\"wp-image-59\" srcset=\"https:\/\/ersbjorsfishing.se\/wp-content\/uploads\/2025\/09\/20170613_201247-768x1024.jpg 768w, https:\/\/ersbjorsfishing.se\/wp-content\/uploads\/2025\/09\/20170613_201247-225x300.jpg 225w, https:\/\/ersbjorsfishing.se\/wp-content\/uploads\/2025\/09\/20170613_201247-1152x1536.jpg 1152w, https:\/\/ersbjorsfishing.se\/wp-content\/uploads\/2025\/09\/20170613_201247-1536x2048.jpg 1536w, https:\/\/ersbjorsfishing.se\/wp-content\/uploads\/2025\/09\/20170613_201247-scaled.jpg 1920w\" sizes=\"auto, (max-width: 768px) 100vw, 768px\" \/><\/figure>\n\n\n\n<figure class=\"wp-block-image size-large extendify-image-import\"><img loading=\"lazy\" decoding=\"async\" width=\"768\" height=\"1024\" data-id=\"60\" src=\"https:\/\/ersbjorsfishing.se\/wp-content\/uploads\/2025\/09\/20200817_131047-768x1024.jpg\" alt=\"\" class=\"wp-image-60\" srcset=\"https:\/\/ersbjorsfishing.se\/wp-content\/uploads\/2025\/09\/20200817_131047-768x1024.jpg 768w, https:\/\/ersbjorsfishing.se\/wp-content\/uploads\/2025\/09\/20200817_131047-225x300.jpg 225w, https:\/\/ersbjorsfishing.se\/wp-content\/uploads\/2025\/09\/20200817_131047-rotated.jpg 960w\" sizes=\"auto, (max-width: 768px) 100vw, 768px\" \/><\/figure>\n<\/figure>\n<\/div><\/div>\n\n\n\n<div class=\"wp-block-group alignfull has-background-background-color has-background\" id=\"rekommendationer\" style=\"border-top-width:1px;margin-top:0;margin-bottom:0;padding-top:0;padding-right:var(--wp--preset--spacing--30);padding-bottom:0;padding-left:var(--wp--preset--spacing--30)\"><div class=\"wp-block-group__inner-container is-layout-constrained wp-container-core-group-is-layout-884d7b23 wp-block-group-is-layout-constrained\">\n<div class=\"wp-block-group alignwide\" style=\"padding-top:var(--wp--preset--spacing--60);padding-bottom:var(--wp--preset--spacing--60)\"><div class=\"wp-block-group__inner-container is-layout-flow wp-block-group-is-layout-flow\">\n<p class=\"has-text-align-center has-large-font-size\" style=\"font-style:normal;font-weight:500;line-height:1.3\">Att f\u00f6lja med p\u00e5 en tur med Ersbj\u00f6rs Fishing ska vara en fantastisk upplevelse \u2013 och med enast\u00e5ende f\u00e5ngster.<\/p>\n\n\n\n<div class=\"wp-block-group\"><div class=\"wp-block-group__inner-container is-layout-constrained wp-container-core-group-is-layout-0e682eca wp-block-group-is-layout-constrained\"><div class=\"wp-block-image is-style-rounded extendify-image-import\">\n<figure class=\"aligncenter size-large\"><img loading=\"lazy\" decoding=\"async\" width=\"683\" height=\"1024\" src=\"https:\/\/ersbjorsfishing.se\/wp-content\/uploads\/2025\/09\/received_625369345603888-1-683x1024.jpeg\" alt=\"\" class=\"wp-image-71\" style=\"aspect-ratio:1;object-fit:cover\" srcset=\"https:\/\/ersbjorsfishing.se\/wp-content\/uploads\/2025\/09\/received_625369345603888-1-683x1024.jpeg 683w, https:\/\/ersbjorsfishing.se\/wp-content\/uploads\/2025\/09\/received_625369345603888-1-200x300.jpeg 200w, https:\/\/ersbjorsfishing.se\/wp-content\/uploads\/2025\/09\/received_625369345603888-1-768x1152.jpeg 768w, https:\/\/ersbjorsfishing.se\/wp-content\/uploads\/2025\/09\/received_625369345603888-1-1024x1536.jpeg 1024w, https:\/\/ersbjorsfishing.se\/wp-content\/uploads\/2025\/09\/received_625369345603888-1.jpeg 1365w\" sizes=\"auto, (max-width: 683px) 100vw, 683px\" \/><\/figure>\n<\/div><\/div><\/div>\n\n\n\n<h4 class=\"wp-block-heading has-text-align-center\" style=\"margin-top:18px;font-size:18px\">Markus ERSBJ\u00d6RS<\/h4>\n\n\n\n<p class=\"has-text-align-center\">Fishing guide<\/p>\n\n\n\n<p><\/p>\n<\/div><\/div>\n<\/div><\/div>","protected":false},"excerpt":{"rendered":"<p>Upplevelsen b\u00f6rjar h\u00e4r! Ersbj\u00f6rs Fishing erbjuder guidade fisketurer f\u00f6r upp till fyra personer [&hellip;]<\/p>","protected":false},"author":1,"featured_media":0,"parent":0,"menu_order":0,"comment_status":"closed","ping_status":"closed","template":"","meta":{"footnotes":""},"class_list":["post-28","page","type-page","status-publish","hentry"],"aioseo_notices":[],"_links":{"self":[{"href":"https:\/\/ersbjorsfishing.se\/en\/wp-json\/wp\/v2\/pages\/28","targetHints":{"allow":["GET"]}}],"collection":[{"href":"https:\/\/ersbjorsfishing.se\/en\/wp-json\/wp\/v2\/pages"}],"about":[{"href":"https:\/\/ersbjorsfishing.se\/en\/wp-json\/wp\/v2\/types\/page"}],"author":[{"embeddable":true,"href":"https:\/\/ersbjorsfishing.se\/en\/wp-json\/wp\/v2\/users\/1"}],"replies":[{"embeddable":true,"href":"https:\/\/ersbjorsfishing.se\/en\/wp-json\/wp\/v2\/comments?post=28"}],"version-history":[{"count":12,"href":"https:\/\/ersbjorsfishing.se\/en\/wp-json\/wp\/v2\/pages\/28\/revisions"}],"predecessor-version":[{"id":464,"href":"https:\/\/ersbjorsfishing.se\/en\/wp-json\/wp\/v2\/pages\/28\/revisions\/464"}],"wp:attachment":[{"href":"https:\/\/ersbjorsfishing.se\/en\/wp-json\/wp\/v2\/media?parent=28"}],"curies":[{"name":"wp","href":"https:\/\/api.w.org\/{rel}","templated":true}]}}