{"id":330,"date":"2025-09-25T18:50:22","date_gmt":"2025-09-25T18:50:22","guid":{"rendered":"https:\/\/ersbjorsfishing.se\/lankar\/"},"modified":"2026-03-06T21:47:16","modified_gmt":"2026-03-06T21:47:16","slug":"lankar","status":"publish","type":"page","link":"https:\/\/ersbjorsfishing.se\/en\/lankar\/","title":{"rendered":"Links"},"content":{"rendered":"<div data-colibri-id=\"330-c1\" class=\"style-326 style-local-330-c1 position-relative\">\n  <!---->\n  <div data-colibri-component=\"section\" data-colibri-id=\"330-c2\" id=\"features\" class=\"h-section h-section-global-spacing d-flex align-items-lg-center align-items-md-center align-items-center style-333 style-local-330-c2 position-relative\">\n    <!---->\n    <!---->\n    <div class=\"h-section-grid-container h-section-boxed-container\">\n      <div data-colibri-id=\"330-c32\" class=\"h-row-container gutters-row-lg-2 gutters-row-md-2 gutters-row-0 gutters-row-v-lg-2 gutters-row-v-md-2 gutters-row-v-2 style-342 style-local-330-c32 position-relative\">\n        <!---->\n        <div class=\"h-row justify-content-lg-center justify-content-md-center justify-content-center align-items-lg-stretch align-items-md-stretch align-items-stretch gutters-col-lg-2 gutters-col-md-2 gutters-col-0 gutters-col-v-lg-2 gutters-col-v-md-2 gutters-col-v-2\">\n          <!---->\n          <div class=\"h-column h-column-container d-flex h-col-lg-auto h-col-md-auto h-col-auto style-343-outer style-local-330-c33-outer\">\n            <div data-colibri-id=\"330-c33\" class=\"d-flex h-flex-basis h-column__inner h-px-lg-2 h-px-md-2 h-px-2 v-inner-lg-2 v-inner-md-2 v-inner-2 style-343 style-local-330-c33 position-relative\">\n              <!---->\n              <!---->\n              <div class=\"w-100 h-y-container h-column__content h-column__v-align flex-basis-100 align-self-lg-start align-self-md-start align-self-start\">\n                <!---->\n                <div data-colibri-id=\"330-c34\" class=\"h-global-transition-all h-heading style-344 style-local-330-c34 position-relative h-element\">\n                  <!---->\n                  <div class=\"h-heading__outer style-344 style-local-330-c34\">\n                    <!---->\n                    <!---->\n                    <h2 class=\"\">Links<\/h2>\n                  <\/div>\n                <\/div>\n                <div data-colibri-id=\"330-c35\" class=\"h-lead h-text h-text-component style-345 style-local-330-c35 position-relative h-element\">\n                  <!---->\n                  <!---->\n                  <div class=\"\">\n                    <p>Here you will find some partners as well as links to accommodations and fishing licenses.<\/p>\n                  <\/div>\n                <\/div>\n              <\/div>\n            <\/div>\n          <\/div>\n        <\/div>\n      <\/div>\n      <div data-colibri-id=\"330-c3\" class=\"h-row-container gutters-row-lg-2 gutters-row-md-2 gutters-row-2 gutters-row-v-lg-2 gutters-row-v-md-2 gutters-row-v-2 style-334 style-local-330-c3 position-relative\">\n        <!---->\n        <div class=\"h-row justify-content-lg-center justify-content-md-center justify-content-center align-items-lg-stretch align-items-md-stretch align-items-stretch gutters-col-lg-2 gutters-col-md-2 gutters-col-2 gutters-col-v-lg-2 gutters-col-v-md-2 gutters-col-v-2\">\n          <!---->\n          <div class=\"h-column h-column-container d-flex h-col-lg-6 h-col-md-6 h-col-12 style-335-outer style-local-330-c4-outer\">\n            <div data-colibri-id=\"330-c4\" class=\"d-flex h-flex-basis h-column__inner h-px-lg-0 h-px-md-0 h-px-2 v-inner-lg-0 v-inner-md-0 v-inner-2 style-335 style-local-330-c4 position-relative\">\n              <!---->\n              <!---->\n              <div class=\"w-100 h-y-container h-column__content h-column__v-align flex-basis-100 align-self-lg-start align-self-md-start align-self-start\">\n                <!---->\n                <div data-colibri-id=\"330-c5\" class=\"h-row-container gutters-row-lg-1 gutters-row-md-1 gutters-row-0 gutters-row-v-lg-1 gutters-row-v-md-1 gutters-row-v-2 style-336 style-local-330-c5 position-relative\">\n                  <!---->\n                  <div class=\"h-row justify-content-lg-center justify-content-md-center justify-content-center align-items-lg-stretch align-items-md-stretch align-items-stretch gutters-col-lg-1 gutters-col-md-1 gutters-col-0 gutters-col-v-lg-1 gutters-col-v-md-1 gutters-col-v-2\">\n                    <!---->\n                    <div class=\"h-column h-column-container d-flex h-col-lg-auto h-col-md-auto h-col-auto style-337-outer style-local-330-c6-outer\">\n                      <div data-colibri-id=\"330-c6\" class=\"d-flex h-flex-basis h-column__inner h-px-lg-1 h-px-md-1 h-px-1 v-inner-lg-1 v-inner-md-1 v-inner-1 style-337 style-local-330-c6 position-relative\">\n                        <!---->\n                        <!---->\n                        <div class=\"w-100 h-y-container h-column__content h-column__v-align flex-basis-auto align-self-lg-start align-self-md-start align-self-start\">\n                          <!---->\n                          <div data-colibri-id=\"330-c7\" class=\"h-icon style-338 style-local-330-c7 position-relative h-element\">\n                            <!----><span class=\"h-svg-icon h-icon__icon style-338-icon style-local-330-c7-icon\"><!--Icon by Icons8 Line Awesome (https:\/\/icons8.com\/line-awesome)--><svg version=\"1.1\" xmlns=\"http:\/\/www.w3.org\/2000\/svg\" xmlns:xlink=\"http:\/\/www.w3.org\/1999\/xlink\" id=\"connectdevelop\" viewbox=\"0 0 512 545.5\"><path d=\"M146.5 99h219l4.5 8 100 174.5 4.5 8-4.5 8L370 472l-4.5 8h-219l-4.5-8L42 297.5l-4.5-8 4.5-8L142 107zm39 32l25 26 73-26h-98zm146 0L223 169.5l35 36.5zm-167 1.5l-.5 1V174l30.5-11zm184.5 3l-79.5 82 57 59L391 208zm-201 26L135 184l13-4.5v-18zm58.5 14L164 191v62l23.5 25 59.5-60.5zm-58.5 21l-25.5 9-1 2L148 236v-39.5zM113 222l-38.5 67.5 38 66L148 319v-59.5zm285 2l-60.5 64 38.5 39.5zm-140 5l-59.5 61 57.5 61 59.5-63zm152.5 13.5l-20.5 99 11 11.5 36.5-63.5zm-246.5 34v26l12.5-13zm162.5 23L267 363l8.5 9H367l5.5-25.5zm-139 2L164 325v47h72l9-9zm-39.5 40L120.5 370l1.5 2h26v-30.5zm238 19l-2.5 11.5h6.5l2.5-4.5zM131 388l17 29.5V388h-17zm33 0v57.5l1 2 56-59.5h-57zm79 0l-56.5 60h138l-56-60H243zm47.5 0l56 60 7-12 10-48h-73zm89.5 0l-.5 2.5 1.5-2.5h-1z\"><\/path><\/svg><\/span><\/div>\n                        <\/div>\n                      <\/div>\n                    <\/div>\n                    <div class=\"h-column h-column-container d-flex h-col-lg h-col-md h-col-auto style-339-outer style-local-330-c8-outer\">\n                      <div data-colibri-id=\"330-c8\" class=\"d-flex h-flex-basis h-column__inner h-px-lg-1 h-px-md-1 h-px-1 v-inner-lg-1 v-inner-md-1 v-inner-1 style-339 style-local-330-c8 position-relative\">\n                        <!---->\n                        <!---->\n                        <div class=\"w-100 h-y-container h-column__content h-column__v-align flex-basis-100 align-self-lg-start align-self-md-start align-self-start\">\n                          <!---->\n                          <div data-colibri-id=\"330-c9\" class=\"h-global-transition-all h-heading style-340 style-local-330-c9 position-relative h-element\">\n                            <!---->\n                            <div class=\"h-heading__outer style-340 style-local-330-c9\">\n                              <!---->\n                              <!---->\n                              <h5 class=\"\">Malungs fvof - INFO<\/h5>\n                            <\/div>\n                          <\/div>\n                          <div data-colibri-id=\"330-c10\" class=\"h-text h-text-component style-341 style-local-330-c10 position-relative h-element\">\n                            <!---->\n                            <!---->\n                            <div class=\"\">\n                              <p>\n                                <a href=\"https:\/\/www.malungs-fiske.se\" class=\"customize-unpreviewable\">malungs-fiske.se<\/a>\n                              <\/p>\n                              <p>\n                                <br>\n                              <\/p>\n                            <\/div>\n                          <\/div>\n                        <\/div>\n                      <\/div>\n                    <\/div>\n                  <\/div>\n                <\/div>\n              <\/div>\n            <\/div>\n          <\/div>\n          <div class=\"h-column h-column-container d-flex h-col-lg-6 h-col-md-6 h-col-12 style-335-outer style-local-330-c11-outer\">\n            <div data-colibri-id=\"330-c11\" class=\"d-flex h-flex-basis h-column__inner h-px-lg-0 h-px-md-0 h-px-2 v-inner-lg-0 v-inner-md-0 v-inner-2 style-335 style-local-330-c11 position-relative\">\n              <!---->\n              <!---->\n              <div class=\"w-100 h-y-container h-column__content h-column__v-align flex-basis-100 align-self-lg-start align-self-md-start align-self-start\">\n                <!---->\n                <div data-colibri-id=\"330-c12\" class=\"h-row-container gutters-row-lg-1 gutters-row-md-1 gutters-row-0 gutters-row-v-lg-1 gutters-row-v-md-1 gutters-row-v-2 style-336 style-local-330-c12 position-relative\">\n                  <!---->\n                  <div class=\"h-row justify-content-lg-center justify-content-md-center justify-content-center align-items-lg-stretch align-items-md-stretch align-items-stretch gutters-col-lg-1 gutters-col-md-1 gutters-col-0 gutters-col-v-lg-1 gutters-col-v-md-1 gutters-col-v-2\">\n                    <!---->\n                    <div class=\"h-column h-column-container d-flex h-col-lg-auto h-col-md-auto h-col-auto style-337-outer style-local-330-c13-outer\">\n                      <div data-colibri-id=\"330-c13\" class=\"d-flex h-flex-basis h-column__inner h-px-lg-1 h-px-md-1 h-px-1 v-inner-lg-1 v-inner-md-1 v-inner-1 style-337 style-local-330-c13 position-relative\">\n                        <!---->\n                        <!---->\n                        <div class=\"w-100 h-y-container h-column__content h-column__v-align flex-basis-auto align-self-lg-start align-self-md-start align-self-start\">\n                          <!---->\n                          <div data-colibri-id=\"330-c14\" class=\"h-icon style-338 style-local-330-c14 position-relative h-element\">\n                            <!----><span class=\"h-svg-icon h-icon__icon style-338-icon style-local-330-c14-icon\"><!--Icon by Icons8 Line Awesome (https:\/\/icons8.com\/line-awesome)--><svg version=\"1.1\" xmlns=\"http:\/\/www.w3.org\/2000\/svg\" xmlns:xlink=\"http:\/\/www.w3.org\/1999\/xlink\" id=\"codepen\" viewbox=\"0 0 512 545.5\"><path d=\"M256 77.5l9 6L457 212l7 4.5v143l-7 4.5-192 128.5-9 6-9-6L55 364l-7-4.5v-143l7-4.5L247 83.5zm-16 49l-147 99 64.5 43.5 82.5-55.5v-87zm32 0v87l82.5 55.5 64.5-43.5zm-16 115L186.5 288l69.5 46.5 69.5-46.5zM80 255v66l49-33zm352 0l-49 33 49 33v-66zm-274 52l-65 43.5 147 99v-87zm196 0l-82 55.5v87l147-99z\"><\/path><\/svg><\/span><\/div>\n                        <\/div>\n                      <\/div>\n                    <\/div>\n                    <div class=\"h-column h-column-container d-flex h-col-lg h-col-md h-col-auto style-339-outer style-local-330-c15-outer\">\n                      <div data-colibri-id=\"330-c15\" class=\"d-flex h-flex-basis h-column__inner h-px-lg-1 h-px-md-1 h-px-1 v-inner-lg-1 v-inner-md-1 v-inner-1 style-339 style-local-330-c15 position-relative\">\n                        <!---->\n                        <!---->\n                        <div class=\"w-100 h-y-container h-column__content h-column__v-align flex-basis-100 align-self-lg-start align-self-md-start align-self-start\">\n                          <!---->\n                          <div data-colibri-id=\"330-c16\" class=\"h-global-transition-all h-heading style-340 style-local-330-c16 position-relative h-element\">\n                            <!---->\n                            <div class=\"h-heading__outer style-340 style-local-330-c16\">\n                              <!---->\n                              <!---->\n                              <h5 class=\"\">Fishing Licenses<\/h5>\n                            <\/div>\n                          <\/div>\n                          <div data-colibri-id=\"330-c17\" class=\"h-text h-text-component style-341 style-local-330-c17 position-relative h-element\">\n                            <!---->\n                            <!---->\n                            <div class=\"\">\n                              <p>Malungs fvof &#8211;&nbsp;\n                                <a href=\"https:\/\/www.ifiske.se\/fiske-vasterdalalven-ogstrommen-m-fl-sjoar.htm\" class=\"customize-unpreviewable\">Fiske i V\u00e4sterdal\u00e4lven, Ogstr\u00f6mmen m fl sj\u00f6ar<\/a>\n                              <\/p>\n                              <p>J\u00e4rna fvof &#8211;&nbsp;\n                                <a href=\"https:\/\/www.ifiske.se\/fiske-vanan-vasterdalalven-van-m-fl-vatten.htm\" class=\"customize-unpreviewable\">Fiske i Van\u00e5n, V\u00e4sterdal\u00e4lven, Van m fl vatten<\/a>\n                              <\/p>\n                              <p>Hela Runn &#8211;&nbsp;\n                                <a href=\"https:\/\/www.ifiske.se\/fiske-runn.htm\" class=\"customize-unpreviewable\">Fiske i Runn<\/a>\n                              <\/p>\n                              <p>Aspeboda fvof &#8211;&nbsp;\n                                <a href=\"https:\/\/www.ifiske.se\/fiske-stora-aspan-lilla-aspan-spjutsjon-m-fl-vatten.htm\">Fiske i Stora Aspan, Lilla Aspan, Spjutsj\u00f6n m fl vatten<\/a>\n                              <\/p>\n                              <p>\n                                <br>\n                              <\/p>\n                            <\/div>\n                          <\/div>\n                        <\/div>\n                      <\/div>\n                    <\/div>\n                  <\/div>\n                <\/div>\n              <\/div>\n            <\/div>\n          <\/div>\n          <div class=\"h-column h-column-container d-flex h-col-lg-6 h-col-md-6 h-col-12 style-335-outer style-local-330-c18-outer\">\n            <div data-colibri-id=\"330-c18\" class=\"d-flex h-flex-basis h-column__inner h-px-lg-0 h-px-md-0 h-px-2 v-inner-lg-0 v-inner-md-0 v-inner-2 style-335 style-local-330-c18 position-relative\">\n              <!---->\n              <!---->\n              <div class=\"w-100 h-y-container h-column__content h-column__v-align flex-basis-100 align-self-lg-start align-self-md-start align-self-start\">\n                <!---->\n                <div data-colibri-id=\"330-c19\" class=\"h-row-container gutters-row-lg-1 gutters-row-md-1 gutters-row-0 gutters-row-v-lg-1 gutters-row-v-md-1 gutters-row-v-2 style-336 style-local-330-c19 position-relative\">\n                  <!---->\n                  <div class=\"h-row justify-content-lg-center justify-content-md-center justify-content-center align-items-lg-stretch align-items-md-stretch align-items-stretch gutters-col-lg-1 gutters-col-md-1 gutters-col-0 gutters-col-v-lg-1 gutters-col-v-md-1 gutters-col-v-2\">\n                    <!---->\n                    <div class=\"h-column h-column-container d-flex h-col-lg-auto h-col-md-auto h-col-auto style-337-outer style-local-330-c20-outer\">\n                      <div data-colibri-id=\"330-c20\" class=\"d-flex h-flex-basis h-column__inner h-px-lg-1 h-px-md-1 h-px-1 v-inner-lg-1 v-inner-md-1 v-inner-1 style-337 style-local-330-c20 position-relative\">\n                        <!---->\n                        <!---->\n                        <div class=\"w-100 h-y-container h-column__content h-column__v-align flex-basis-auto align-self-lg-start align-self-md-start align-self-start\">\n                          <!---->\n                          <div data-colibri-id=\"330-c21\" class=\"h-icon style-338 style-local-330-c21 position-relative h-element\">\n                            <!----><span class=\"h-svg-icon h-icon__icon style-338-icon style-local-330-c21-icon\"><!--Icon by Icons8 Line Awesome (https:\/\/icons8.com\/line-awesome)--><svg version=\"1.1\" xmlns=\"http:\/\/www.w3.org\/2000\/svg\" xmlns:xlink=\"http:\/\/www.w3.org\/1999\/xlink\" id=\"cube\" viewbox=\"0 0 512 545.5\"><path d=\"M256 102.5l6.5 3 160 72 9.5 4v203l-8 4.5-160 89-8 4.5-8-4.5-160-89-8-4.5v-203l9.5-4 160-72zm0 35l-123 55L256 254l123-61.5zM112 218v147.5l128 71V282zm288 0l-128 64v154.5l128-71V218z\"><\/path><\/svg><\/span><\/div>\n                        <\/div>\n                      <\/div>\n                    <\/div>\n                    <div class=\"h-column h-column-container d-flex h-col-lg h-col-md h-col-auto style-339-outer style-local-330-c22-outer\">\n                      <div data-colibri-id=\"330-c22\" class=\"d-flex h-flex-basis h-column__inner h-px-lg-1 h-px-md-1 h-px-1 v-inner-lg-1 v-inner-md-1 v-inner-1 style-339 style-local-330-c22 position-relative\">\n                        <!---->\n                        <!---->\n                        <div class=\"w-100 h-y-container h-column__content h-column__v-align flex-basis-100 align-self-lg-start align-self-md-start align-self-start\">\n                          <!---->\n                          <div data-colibri-id=\"330-c23\" class=\"h-global-transition-all h-heading style-340 style-local-330-c23 position-relative h-element\">\n                            <!---->\n                            <div class=\"h-heading__outer style-340 style-local-330-c23\">\n                              <!---->\n                              <!---->\n                              <h5 class=\"\">Vansbro Adventure <\/h5>\n                            <\/div>\n                          <\/div>\n                          <div data-colibri-id=\"330-c24\" class=\"h-text h-text-component style-341 style-local-330-c24 position-relative h-element\">\n                            <!---->\n                            <!---->\n                            <div class=\"\">\n                              <p>\n                                <a href=\"https:\/\/www.vansbroaventyr.se\">Vansbro \u00c4ventyr &#8211; Dressiner i Vansbro och Dalarna \u00bb Vansbro \u00c4ventyr<\/a>\n                              <\/p>\n                            <\/div>\n                          <\/div>\n                        <\/div>\n                      <\/div>\n                    <\/div>\n                  <\/div>\n                <\/div>\n              <\/div>\n            <\/div>\n          <\/div>\n          <div class=\"h-column h-column-container d-flex h-col-lg-6 h-col-md-6 h-col-12 style-335-outer style-local-330-c25-outer\">\n            <div data-colibri-id=\"330-c25\" class=\"d-flex h-flex-basis h-column__inner h-px-lg-0 h-px-md-0 h-px-2 v-inner-lg-0 v-inner-md-0 v-inner-2 style-335 style-local-330-c25 position-relative\">\n              <!---->\n              <!---->\n              <div class=\"w-100 h-y-container h-column__content h-column__v-align flex-basis-100 align-self-lg-start align-self-md-start align-self-start\">\n                <!---->\n                <div data-colibri-id=\"330-c26\" class=\"h-row-container gutters-row-lg-1 gutters-row-md-1 gutters-row-0 gutters-row-v-lg-1 gutters-row-v-md-1 gutters-row-v-2 style-336 style-local-330-c26 position-relative\">\n                  <!---->\n                  <div class=\"h-row justify-content-lg-center justify-content-md-center justify-content-center align-items-lg-stretch align-items-md-stretch align-items-stretch gutters-col-lg-1 gutters-col-md-1 gutters-col-0 gutters-col-v-lg-1 gutters-col-v-md-1 gutters-col-v-2\">\n                    <!---->\n                    <div class=\"h-column h-column-container d-flex h-col-lg-auto h-col-md-auto h-col-auto style-337-outer style-local-330-c27-outer\">\n                      <div data-colibri-id=\"330-c27\" class=\"d-flex h-flex-basis h-column__inner h-px-lg-1 h-px-md-1 h-px-1 v-inner-lg-1 v-inner-md-1 v-inner-1 style-337 style-local-330-c27 position-relative\">\n                        <!---->\n                        <!---->\n                        <div class=\"w-100 h-y-container h-column__content h-column__v-align flex-basis-auto align-self-lg-start align-self-md-start align-self-start\">\n                          <!---->\n                          <div data-colibri-id=\"330-c28\" class=\"h-icon style-338 style-local-330-c28 position-relative h-element\">\n                            <!----><span class=\"h-svg-icon h-icon__icon style-338-icon style-local-330-c28-icon\"><!--Icon by Icons8 Line Awesome (https:\/\/icons8.com\/line-awesome)--><svg version=\"1.1\" xmlns=\"http:\/\/www.w3.org\/2000\/svg\" xmlns:xlink=\"http:\/\/www.w3.org\/1999\/xlink\" id=\"database\" viewbox=\"0 0 512 545.5\"><path d=\"M80 96h320v384H80V96zm32 32v80h256v-80H112zm0 112v96h256v-96H112zm0 128v80h256v-80H112z\"><\/path><\/svg><\/span><\/div>\n                        <\/div>\n                      <\/div>\n                    <\/div>\n                    <div class=\"h-column h-column-container d-flex h-col-lg h-col-md h-col-auto style-339-outer style-local-330-c29-outer\">\n                      <div data-colibri-id=\"330-c29\" class=\"d-flex h-flex-basis h-column__inner h-px-lg-1 h-px-md-1 h-px-1 v-inner-lg-1 v-inner-md-1 v-inner-1 style-339 style-local-330-c29 position-relative\">\n                        <!---->\n                        <!---->\n                        <div class=\"w-100 h-y-container h-column__content h-column__v-align flex-basis-100 align-self-lg-start align-self-md-start align-self-start\">\n                          <!---->\n                          <div data-colibri-id=\"330-c30\" class=\"h-global-transition-all h-heading style-340 style-local-330-c30 position-relative h-element\">\n                            <!---->\n                            <div class=\"h-heading__outer style-340 style-local-330-c30\">\n                              <!---->\n                              <!---->\n                              <h5 class=\"\">Accommodation - Vansbro<\/h5>\n                            <\/div>\n                          <\/div>\n                          <div data-colibri-id=\"330-c31\" class=\"h-text h-text-component style-341 style-local-330-c31 position-relative h-element\">\n                            <!---->\n                            <!---->\n                            <div class=\"\">\n                              <p>Vansbro &#8211;&nbsp;\n                                <a href=\"https:\/\/vansbrocamping.com\">Vansbro Camping<\/a>\n                              <\/p>\n                            <\/div>\n                          <\/div>\n                        <\/div>\n                      <\/div>\n                    <\/div>\n                  <\/div>\n                <\/div>\n              <\/div>\n            <\/div>\n          <\/div>\n        <\/div>\n      <\/div>\n    <\/div>\n  <\/div>\n<\/div>","protected":false},"excerpt":{"rendered":"<p>L\u00e4nkar H\u00e4r finner du n\u00e5gra samarbetspartners samt l\u00e4nkar till boenden och fiske. Malungs [&hellip;]<\/p>","protected":false},"author":1,"featured_media":0,"parent":0,"menu_order":0,"comment_status":"closed","ping_status":"closed","template":"page-templates\/full-width-page.php","meta":{"footnotes":""},"class_list":["post-330","page","type-page","status-publish","hentry"],"aioseo_notices":[],"_links":{"self":[{"href":"https:\/\/ersbjorsfishing.se\/en\/wp-json\/wp\/v2\/pages\/330","targetHints":{"allow":["GET"]}}],"collection":[{"href":"https:\/\/ersbjorsfishing.se\/en\/wp-json\/wp\/v2\/pages"}],"about":[{"href":"https:\/\/ersbjorsfishing.se\/en\/wp-json\/wp\/v2\/types\/page"}],"author":[{"embeddable":true,"href":"https:\/\/ersbjorsfishing.se\/en\/wp-json\/wp\/v2\/users\/1"}],"replies":[{"embeddable":true,"href":"https:\/\/ersbjorsfishing.se\/en\/wp-json\/wp\/v2\/comments?post=330"}],"version-history":[{"count":4,"href":"https:\/\/ersbjorsfishing.se\/en\/wp-json\/wp\/v2\/pages\/330\/revisions"}],"predecessor-version":[{"id":450,"href":"https:\/\/ersbjorsfishing.se\/en\/wp-json\/wp\/v2\/pages\/330\/revisions\/450"}],"wp:attachment":[{"href":"https:\/\/ersbjorsfishing.se\/en\/wp-json\/wp\/v2\/media?parent=330"}],"curies":[{"name":"wp","href":"https:\/\/api.w.org\/{rel}","templated":true}]}}